{"id":11608,"date":"2018-01-30T13:15:16","date_gmt":"2018-01-30T16:15:16","guid":{"rendered":"https:\/\/experienciadevida.com.ar\/portalurbano\/?page_id=11608"},"modified":"2018-11-10T15:05:56","modified_gmt":"2018-11-10T18:05:56","slug":"video-galeria","status":"publish","type":"page","link":"https:\/\/experienciadevida.com.ar\/portalurbano\/video-galeria\/","title":{"rendered":"Video Galer\u00eda"},"content":{"rendered":"<p>\r\n\t\t\t\t\t\n\r\n\t\t\t\t\t<!-- START UNITE GALLERY 1.7.58 -->\r\n\t\t\t\t\t\r\n\t\t\t\t\n\t\t\t<div id='unitegallery_2_1' class='unite-gallery' style='margin:0px auto;'>\n\t\t\t\t\n\n\t\t\t\t\t\t<img alt=\"Festejos -  Argentina en la Final Mundial Qatar 2022\"\n\t\t\t\t\t\t    data-type=\"youtube\"  src=\"\" data-image=\"https:\/\/img.youtube.com\/vi\/sPI1A25NmPI\/sddefault.jpg\"\n\t\t\t\t\t\t     data-thumb=\"https:\/\/img.youtube.com\/vi\/sPI1A25NmPI\/mqdefault.jpg\"\n\t\t\t\t\t\t     title=\"\"\n\t\t\t\t\t\t     data-videoid=\"sPI1A25NmPI\" style=\"display:none\">\n\n\t\t\t\t\t\t<img alt=\"Los Festejos de Argentina Campe\u00f3n Mundial en Olavarr\u00eda\"\n\t\t\t\t\t\t    data-type=\"youtube\"  src=\"\" data-image=\"https:\/\/img.youtube.com\/vi\/U7U0YjtXJD0\/sddefault.jpg\"\n\t\t\t\t\t\t     data-thumb=\"https:\/\/img.youtube.com\/vi\/U7U0YjtXJD0\/mqdefault.jpg\"\n\t\t\t\t\t\t     title=\"\"\n\t\t\t\t\t\t     data-videoid=\"U7U0YjtXJD0\" style=\"display:none\">\n\n\t\t\t\t\t\t<img alt=\" #cumpleOlavarria - 155 Aniversario\"\n\t\t\t\t\t\t    data-type=\"youtube\"  src=\"\" data-image=\"https:\/\/img.youtube.com\/vi\/6ojCGfwYEdY\/sddefault.jpg\"\n\t\t\t\t\t\t     data-thumb=\"https:\/\/img.youtube.com\/vi\/6ojCGfwYEdY\/mqdefault.jpg\"\n\t\t\t\t\t\t     title=\"\"\n\t\t\t\t\t\t     data-videoid=\"6ojCGfwYEdY\" style=\"display:none\">\n\n\t\t\t\t\t\t<img alt=\" Video-Drone: Una multitud colmo el parque Helios Eseverri por el aniversario de la ciudad\"\n\t\t\t\t\t\t    data-type=\"youtube\"  src=\"\" data-image=\"https:\/\/img.youtube.com\/vi\/BWOVjU_ayQ4\/sddefault.jpg\"\n\t\t\t\t\t\t     data-thumb=\"https:\/\/img.youtube.com\/vi\/BWOVjU_ayQ4\/mqdefault.jpg\"\n\t\t\t\t\t\t     title=\"\"\n\t\t\t\t\t\t     data-videoid=\"BWOVjU_ayQ4\" style=\"display:none\">\n\n\t\t\t\t\t\t<img alt=\"Fiesta Dia del Ni\u00f1o en la Rural\"\n\t\t\t\t\t\t    data-type=\"youtube\"  src=\"\" data-image=\"https:\/\/img.youtube.com\/vi\/2HfeSuoxbd8\/sddefault.jpg\"\n\t\t\t\t\t\t     data-thumb=\"https:\/\/img.youtube.com\/vi\/2HfeSuoxbd8\/mqdefault.jpg\"\n\t\t\t\t\t\t     title=\"\"\n\t\t\t\t\t\t     data-videoid=\"2HfeSuoxbd8\" style=\"display:none\">\n\n\t\t\t\t\t\t<img alt=\"Paro del Campo -  Rotonda  RN 226 y RN 3\"\n\t\t\t\t\t\t    data-type=\"youtube\"  src=\"\" data-image=\"https:\/\/img.youtube.com\/vi\/CzLk9D1c2Ug\/sddefault.jpg\"\n\t\t\t\t\t\t     data-thumb=\"https:\/\/img.youtube.com\/vi\/CzLk9D1c2Ug\/mqdefault.jpg\"\n\t\t\t\t\t\t     title=\"\"\n\t\t\t\t\t\t     data-videoid=\"CzLk9D1c2Ug\" style=\"display:none\">\n\n\t\t\t\t\t\t<img alt=\"Cross del Terraplen - Video +  Drone Portal Urbano\"\n\t\t\t\t\t\t    data-type=\"youtube\"  src=\"\" data-image=\"https:\/\/img.youtube.com\/vi\/pC0f0el6Jqw\/sddefault.jpg\"\n\t\t\t\t\t\t     data-thumb=\"https:\/\/img.youtube.com\/vi\/pC0f0el6Jqw\/mqdefault.jpg\"\n\t\t\t\t\t\t     title=\"\"\n\t\t\t\t\t\t     data-videoid=\"pC0f0el6Jqw\" style=\"display:none\">\n\n\t\t\t\t\t\t<img alt=\" Carnavales 2022\"\n\t\t\t\t\t\t    data-type=\"youtube\"  src=\"\" data-image=\"https:\/\/img.youtube.com\/vi\/XfksGwx-TCw\/sddefault.jpg\"\n\t\t\t\t\t\t     data-thumb=\"https:\/\/img.youtube.com\/vi\/XfksGwx-TCw\/mqdefault.jpg\"\n\t\t\t\t\t\t     title=\"\"\n\t\t\t\t\t\t     data-videoid=\"XfksGwx-TCw\" style=\"display:none\">\n\n\t\t\t\t\t\t<img alt=\"Carnavales 2022\"\n\t\t\t\t\t\t    data-type=\"youtube\"  src=\"\" data-image=\"https:\/\/img.youtube.com\/vi\/-ZamcCK4rVs\/sddefault.jpg\"\n\t\t\t\t\t\t     data-thumb=\"https:\/\/img.youtube.com\/vi\/-ZamcCK4rVs\/mqdefault.jpg\"\n\t\t\t\t\t\t     title=\"\"\n\t\t\t\t\t\t     data-videoid=\"-ZamcCK4rVs\" style=\"display:none\">\n\n\t\t\t\t\t\t<img alt=\"Mirador La Caba\u00f1ita -  Vista desde El drone de Portal Urbano\"\n\t\t\t\t\t\t    data-type=\"youtube\"  src=\"\" data-image=\"https:\/\/img.youtube.com\/vi\/I0fnMkgmRes\/sddefault.jpg\"\n\t\t\t\t\t\t     data-thumb=\"https:\/\/img.youtube.com\/vi\/I0fnMkgmRes\/mqdefault.jpg\"\n\t\t\t\t\t\t     title=\"\"\n\t\t\t\t\t\t     data-videoid=\"I0fnMkgmRes\" style=\"display:none\">\n\n\t\t\t\t\t\t<img alt=\"Fiesta Aniversario Olavarr\u00eda\"\n\t\t\t\t\t\t    data-type=\"youtube\"  src=\"\" data-image=\"https:\/\/img.youtube.com\/vi\/XI4cw62zh4c\/sddefault.jpg\"\n\t\t\t\t\t\t     data-thumb=\"https:\/\/img.youtube.com\/vi\/XI4cw62zh4c\/mqdefault.jpg\"\n\t\t\t\t\t\t     title=\"Video desde el Drone de Portal Urbano en la Fiesta de Olavarr\u00eda, en el d\u00eda de ayer nuestra ciudad cumpli\u00f3 154 a\u00f1os y se celebr\u00f3 en el Parque Helios Eseverri, con la participaci\u00f3n de artistas locales y el cierre de Los Pericos.\n\nLos artistas locales se lucieron en el imponente escenario que comenz\u00f3 m\u00e1s tarde de lo previsto debido a la lluvia del d\u00eda de ayer. La conducci\u00f3n del evento estuvo a cargo de Melisa Mc Donald y Luis Occhi fueron quienes presentaron la fiesta por los 154 a\u00f1os de la ciudad para dar comienzo con la presentaci\u00f3n de Carla Moura en el escenario, quien present\u00f3 su disco \u201cDespertar\u201d, junto a m\u00fasicos de Olavarr\u00eda: Ra\u00fal Minnig, Obdulio Casta\u00f1ares y Esteban Salguero.\"\n\t\t\t\t\t\t     data-videoid=\"XI4cw62zh4c\" style=\"display:none\">\n\n\t\t\t\t\t\t<img alt=\" Una joven que tiene hipoacusia de nacimiento viaj\u00f3 a Olavarr\u00eda para recibir un aud\u00edfono donado\"\n\t\t\t\t\t\t    data-type=\"youtube\"  src=\"\" data-image=\"https:\/\/img.youtube.com\/vi\/wOUeoA2yq6E\/sddefault.jpg\"\n\t\t\t\t\t\t     data-thumb=\"https:\/\/img.youtube.com\/vi\/wOUeoA2yq6E\/mqdefault.jpg\"\n\t\t\t\t\t\t     title=\"\"\n\t\t\t\t\t\t     data-videoid=\"wOUeoA2yq6E\" style=\"display:none\">\n\t\t\t<\/div>\n\n\t\t\t<script type='text\/javascript'>\n\t\t\t\twindow.onload = function(e) {\n\t\t\t\t\tif(typeof ugCheckForErrors == \"undefined\"){\n\t\t\t\t\t\tdocument.getElementById(\"unitegallery_2_1\").innerHTML = \"<span style='color:red'>Unite Gallery Error - gallery js and css files not included in the footer. Please make sure that wp_footer() function is added to your theme.<\/span>\";}\n\t\t\t\t\telse{ ugCheckForErrors(\"unitegallery_2_1\", \"jquery\");}\n\t\t\t\t};\n\t\t\t<\/script>\n\n\t\t\t<!-- END UNITEGALLERY --><\/p>\n","protected":false},"excerpt":{"rendered":"","protected":false},"author":1,"featured_media":0,"parent":0,"menu_order":0,"comment_status":"closed","ping_status":"closed","template":"","meta":{"content-type":""},"yoast_head":"<!-- This site is optimized with the Yoast SEO plugin v20.7 - https:\/\/yoast.com\/wordpress\/plugins\/seo\/ -->\n<title>Video Galer\u00eda -<\/title>\n<meta name=\"robots\" content=\"index, follow, max-snippet:-1, max-image-preview:large, max-video-preview:-1\" \/>\n<link rel=\"canonical\" href=\"https:\/\/experienciadevida.com.ar\/portalurbano\/video-galeria\/\" \/>\n<meta property=\"og:locale\" content=\"es_ES\" \/>\n<meta property=\"og:type\" content=\"article\" \/>\n<meta property=\"og:title\" content=\"Video Galer\u00eda -\" \/>\n<meta property=\"og:url\" content=\"https:\/\/experienciadevida.com.ar\/portalurbano\/video-galeria\/\" \/>\n<meta property=\"article:publisher\" content=\"https:\/\/www.facebook.com\/Portal-Urbano-171542830093757\/\" \/>\n<meta property=\"article:modified_time\" content=\"2018-11-10T18:05:56+00:00\" \/>\n<meta name=\"twitter:card\" content=\"summary_large_image\" \/>\n<meta name=\"twitter:site\" content=\"@portalurbanook\" \/>\n<script type=\"application\/ld+json\" class=\"yoast-schema-graph\">{\"@context\":\"https:\/\/schema.org\",\"@graph\":[{\"@type\":\"WebPage\",\"@id\":\"https:\/\/experienciadevida.com.ar\/portalurbano\/video-galeria\/\",\"url\":\"https:\/\/experienciadevida.com.ar\/portalurbano\/video-galeria\/\",\"name\":\"Video Galer\u00eda -\",\"isPartOf\":{\"@id\":\"https:\/\/experienciadevida.com.ar\/portalurbano\/#website\"},\"datePublished\":\"2018-01-30T16:15:16+00:00\",\"dateModified\":\"2018-11-10T18:05:56+00:00\",\"breadcrumb\":{\"@id\":\"https:\/\/experienciadevida.com.ar\/portalurbano\/video-galeria\/#breadcrumb\"},\"inLanguage\":\"es\",\"potentialAction\":[{\"@type\":\"ReadAction\",\"target\":[\"https:\/\/experienciadevida.com.ar\/portalurbano\/video-galeria\/\"]}]},{\"@type\":\"BreadcrumbList\",\"@id\":\"https:\/\/experienciadevida.com.ar\/portalurbano\/video-galeria\/#breadcrumb\",\"itemListElement\":[{\"@type\":\"ListItem\",\"position\":1,\"name\":\"Portada\",\"item\":\"https:\/\/experienciadevida.com.ar\/portalurbano\/\"},{\"@type\":\"ListItem\",\"position\":2,\"name\":\"Video Galer\u00eda\"}]},{\"@type\":\"WebSite\",\"@id\":\"https:\/\/experienciadevida.com.ar\/portalurbano\/#website\",\"url\":\"https:\/\/experienciadevida.com.ar\/portalurbano\/\",\"name\":\"\",\"description\":\"\",\"publisher\":{\"@id\":\"https:\/\/experienciadevida.com.ar\/portalurbano\/#organization\"},\"potentialAction\":[{\"@type\":\"SearchAction\",\"target\":{\"@type\":\"EntryPoint\",\"urlTemplate\":\"https:\/\/experienciadevida.com.ar\/portalurbano\/?s={search_term_string}\"},\"query-input\":\"required name=search_term_string\"}],\"inLanguage\":\"es\"},{\"@type\":\"Organization\",\"@id\":\"https:\/\/experienciadevida.com.ar\/portalurbano\/#organization\",\"name\":\"Portal Urbano\",\"url\":\"https:\/\/experienciadevida.com.ar\/portalurbano\/\",\"logo\":{\"@type\":\"ImageObject\",\"inLanguage\":\"es\",\"@id\":\"https:\/\/experienciadevida.com.ar\/portalurbano\/#\/schema\/logo\/image\/\",\"url\":\"https:\/\/experienciadevida.com.ar\/portalurbano\/wp-content\/uploads\/2019\/09\/Logo-Original.png\",\"contentUrl\":\"https:\/\/experienciadevida.com.ar\/portalurbano\/wp-content\/uploads\/2019\/09\/Logo-Original.png\",\"width\":2236,\"height\":1216,\"caption\":\"Portal Urbano\"},\"image\":{\"@id\":\"https:\/\/experienciadevida.com.ar\/portalurbano\/#\/schema\/logo\/image\/\"},\"sameAs\":[\"https:\/\/www.facebook.com\/Portal-Urbano-171542830093757\/\",\"https:\/\/twitter.com\/portalurbanook\",\"https:\/\/www.instagram.com\/_portalurbano\/\",\"https:\/\/www.youtube.com\/channel\/UCXhagIfszH8KxFiOok79zbA?view_as=subscriber\"]}]}<\/script>\n<!-- \/ Yoast SEO plugin. -->","yoast_head_json":{"title":"Video Galer\u00eda -","robots":{"index":"index","follow":"follow","max-snippet":"max-snippet:-1","max-image-preview":"max-image-preview:large","max-video-preview":"max-video-preview:-1"},"canonical":"https:\/\/experienciadevida.com.ar\/portalurbano\/video-galeria\/","og_locale":"es_ES","og_type":"article","og_title":"Video Galer\u00eda -","og_url":"https:\/\/experienciadevida.com.ar\/portalurbano\/video-galeria\/","article_publisher":"https:\/\/www.facebook.com\/Portal-Urbano-171542830093757\/","article_modified_time":"2018-11-10T18:05:56+00:00","twitter_card":"summary_large_image","twitter_site":"@portalurbanook","schema":{"@context":"https:\/\/schema.org","@graph":[{"@type":"WebPage","@id":"https:\/\/experienciadevida.com.ar\/portalurbano\/video-galeria\/","url":"https:\/\/experienciadevida.com.ar\/portalurbano\/video-galeria\/","name":"Video Galer\u00eda -","isPartOf":{"@id":"https:\/\/experienciadevida.com.ar\/portalurbano\/#website"},"datePublished":"2018-01-30T16:15:16+00:00","dateModified":"2018-11-10T18:05:56+00:00","breadcrumb":{"@id":"https:\/\/experienciadevida.com.ar\/portalurbano\/video-galeria\/#breadcrumb"},"inLanguage":"es","potentialAction":[{"@type":"ReadAction","target":["https:\/\/experienciadevida.com.ar\/portalurbano\/video-galeria\/"]}]},{"@type":"BreadcrumbList","@id":"https:\/\/experienciadevida.com.ar\/portalurbano\/video-galeria\/#breadcrumb","itemListElement":[{"@type":"ListItem","position":1,"name":"Portada","item":"https:\/\/experienciadevida.com.ar\/portalurbano\/"},{"@type":"ListItem","position":2,"name":"Video Galer\u00eda"}]},{"@type":"WebSite","@id":"https:\/\/experienciadevida.com.ar\/portalurbano\/#website","url":"https:\/\/experienciadevida.com.ar\/portalurbano\/","name":"","description":"","publisher":{"@id":"https:\/\/experienciadevida.com.ar\/portalurbano\/#organization"},"potentialAction":[{"@type":"SearchAction","target":{"@type":"EntryPoint","urlTemplate":"https:\/\/experienciadevida.com.ar\/portalurbano\/?s={search_term_string}"},"query-input":"required name=search_term_string"}],"inLanguage":"es"},{"@type":"Organization","@id":"https:\/\/experienciadevida.com.ar\/portalurbano\/#organization","name":"Portal Urbano","url":"https:\/\/experienciadevida.com.ar\/portalurbano\/","logo":{"@type":"ImageObject","inLanguage":"es","@id":"https:\/\/experienciadevida.com.ar\/portalurbano\/#\/schema\/logo\/image\/","url":"https:\/\/experienciadevida.com.ar\/portalurbano\/wp-content\/uploads\/2019\/09\/Logo-Original.png","contentUrl":"https:\/\/experienciadevida.com.ar\/portalurbano\/wp-content\/uploads\/2019\/09\/Logo-Original.png","width":2236,"height":1216,"caption":"Portal Urbano"},"image":{"@id":"https:\/\/experienciadevida.com.ar\/portalurbano\/#\/schema\/logo\/image\/"},"sameAs":["https:\/\/www.facebook.com\/Portal-Urbano-171542830093757\/","https:\/\/twitter.com\/portalurbanook","https:\/\/www.instagram.com\/_portalurbano\/","https:\/\/www.youtube.com\/channel\/UCXhagIfszH8KxFiOok79zbA?view_as=subscriber"]}]}},"amp_enabled":true,"_links":{"self":[{"href":"https:\/\/experienciadevida.com.ar\/portalurbano\/wp-json\/wp\/v2\/pages\/11608"}],"collection":[{"href":"https:\/\/experienciadevida.com.ar\/portalurbano\/wp-json\/wp\/v2\/pages"}],"about":[{"href":"https:\/\/experienciadevida.com.ar\/portalurbano\/wp-json\/wp\/v2\/types\/page"}],"author":[{"embeddable":true,"href":"https:\/\/experienciadevida.com.ar\/portalurbano\/wp-json\/wp\/v2\/users\/1"}],"replies":[{"embeddable":true,"href":"https:\/\/experienciadevida.com.ar\/portalurbano\/wp-json\/wp\/v2\/comments?post=11608"}],"version-history":[{"count":2,"href":"https:\/\/experienciadevida.com.ar\/portalurbano\/wp-json\/wp\/v2\/pages\/11608\/revisions"}],"predecessor-version":[{"id":11610,"href":"https:\/\/experienciadevida.com.ar\/portalurbano\/wp-json\/wp\/v2\/pages\/11608\/revisions\/11610"}],"wp:attachment":[{"href":"https:\/\/experienciadevida.com.ar\/portalurbano\/wp-json\/wp\/v2\/media?parent=11608"}],"curies":[{"name":"wp","href":"https:\/\/api.w.org\/{rel}","templated":true}]}}